{"id":21,"date":"2022-05-24T08:30:07","date_gmt":"2022-05-24T06:30:07","guid":{"rendered":"https:\/\/creaconcept-md.be\/?page_id=21"},"modified":"2022-10-27T17:37:33","modified_gmt":"2022-10-27T15:37:33","slug":"mentions-legales","status":"publish","type":"page","link":"https:\/\/creaconcept-md.be\/?page_id=21","title":{"rendered":"Mentions l\u00e9gales"},"content":{"rendered":"\t\t<div data-elementor-type=\"wp-page\" data-elementor-id=\"21\" class=\"elementor elementor-21\">\n\t\t\t\t\t\t\t\t\t<section class=\"elementor-section elementor-top-section elementor-element elementor-element-4421e94 elementor-section-boxed elementor-section-height-default elementor-section-height-default\" data-id=\"4421e94\" data-element_type=\"section\">\n\t\t\t\t\t\t<div class=\"elementor-container elementor-column-gap-default\">\n\t\t\t\t\t<div class=\"elementor-column elementor-col-100 elementor-top-column elementor-element elementor-element-c65283c\" data-id=\"c65283c\" data-element_type=\"column\">\n\t\t\t<div class=\"elementor-widget-wrap elementor-element-populated\">\n\t\t\t\t\t\t\t\t<div class=\"elementor-element elementor-element-dd21298 elementor-widget elementor-widget-heading\" data-id=\"dd21298\" data-element_type=\"widget\" data-widget_type=\"heading.default\">\n\t\t\t\t<div class=\"elementor-widget-container\">\n\t\t\t<style>\/*! elementor - v3.7.8 - 02-10-2022 *\/\n.elementor-heading-title{padding:0;margin:0;line-height:1}.elementor-widget-heading .elementor-heading-title[class*=elementor-size-]>a{color:inherit;font-size:inherit;line-height:inherit}.elementor-widget-heading .elementor-heading-title.elementor-size-small{font-size:15px}.elementor-widget-heading .elementor-heading-title.elementor-size-medium{font-size:19px}.elementor-widget-heading .elementor-heading-title.elementor-size-large{font-size:29px}.elementor-widget-heading .elementor-heading-title.elementor-size-xl{font-size:39px}.elementor-widget-heading .elementor-heading-title.elementor-size-xxl{font-size:59px}<\/style><h2 class=\"elementor-heading-title elementor-size-default\">Mentions l\u00e9gales<\/h2>\t\t<\/div>\n\t\t\t\t<\/div>\n\t\t\t\t\t<\/div>\n\t\t<\/div>\n\t\t\t\t\t\t\t<\/div>\n\t\t<\/section>\n\t\t\t\t<section class=\"elementor-section elementor-top-section elementor-element elementor-element-397b7d6 elementor-section-boxed elementor-section-height-default elementor-section-height-default\" data-id=\"397b7d6\" data-element_type=\"section\">\n\t\t\t\t\t\t<div class=\"elementor-container elementor-column-gap-default\">\n\t\t\t\t\t<div class=\"elementor-column elementor-col-100 elementor-top-column elementor-element elementor-element-56768db\" data-id=\"56768db\" data-element_type=\"column\">\n\t\t\t<div class=\"elementor-widget-wrap elementor-element-populated\">\n\t\t\t\t\t\t\t\t<div class=\"elementor-element elementor-element-a3f153a elementor-widget elementor-widget-button\" data-id=\"a3f153a\" data-element_type=\"widget\" data-widget_type=\"button.default\">\n\t\t\t\t<div class=\"elementor-widget-container\">\n\t\t\t\t\t<div class=\"elementor-button-wrapper\">\n\t\t\t<a href=\"http:\/\/10.0.150.11\/wp-content\/uploads\/2022\/10\/mentions-legales-creaconcept.pdf\" class=\"elementor-button-link elementor-button elementor-size-sm\" role=\"button\">\n\t\t\t\t\t\t<span class=\"elementor-button-content-wrapper\">\n\t\t\t\t\t\t<span class=\"elementor-button-text\">T\u00e9l\u00e9charger en PDF<\/span>\n\t\t<\/span>\n\t\t\t\t\t<\/a>\n\t\t<\/div>\n\t\t\t\t<\/div>\n\t\t\t\t<\/div>\n\t\t\t\t\t<\/div>\n\t\t<\/div>\n\t\t\t\t\t\t\t<\/div>\n\t\t<\/section>\n\t\t\t\t<section class=\"elementor-section elementor-top-section elementor-element elementor-element-d9fabef elementor-section-boxed elementor-section-height-default elementor-section-height-default\" data-id=\"d9fabef\" data-element_type=\"section\">\n\t\t\t\t\t\t<div class=\"elementor-container elementor-column-gap-default\">\n\t\t\t\t\t<div class=\"elementor-column elementor-col-100 elementor-top-column elementor-element elementor-element-ec6749a\" data-id=\"ec6749a\" data-element_type=\"column\">\n\t\t\t<div class=\"elementor-widget-wrap elementor-element-populated\">\n\t\t\t\t\t\t\t\t<div class=\"elementor-element elementor-element-2b60375 elementor-widget elementor-widget-text-editor\" data-id=\"2b60375\" data-element_type=\"widget\" data-widget_type=\"text-editor.default\">\n\t\t\t\t<div class=\"elementor-widget-container\">\n\t\t\t<style>\/*! elementor - v3.7.8 - 02-10-2022 *\/\n.elementor-widget-text-editor.elementor-drop-cap-view-stacked .elementor-drop-cap{background-color:#818a91;color:#fff}.elementor-widget-text-editor.elementor-drop-cap-view-framed .elementor-drop-cap{color:#818a91;border:3px solid;background-color:transparent}.elementor-widget-text-editor:not(.elementor-drop-cap-view-default) .elementor-drop-cap{margin-top:8px}.elementor-widget-text-editor:not(.elementor-drop-cap-view-default) .elementor-drop-cap-letter{width:1em;height:1em}.elementor-widget-text-editor .elementor-drop-cap{float:left;text-align:center;line-height:1;font-size:50px}.elementor-widget-text-editor .elementor-drop-cap-letter{display:inline-block}<\/style>\t\t\t\t<p><em><b><span style=\"font-size: 18.0pt;\">1. Informations l\u00e9gales<\/span><\/b><\/em><br \/>Crea concept MD<br \/>Rue Pierre Druidique 41 6687 Bertogne<br \/>N\u00b0 TVA intracommunautaire\u00a0: \u00a0<span style=\"font-family: 'Source Sans Pro',sans-serif; color: #333c4e; background: #F3F3F3;\">BE0730903215<\/span><br \/>+32 497 68 73 65<br \/>Le Responsable de la publication : Lambert Florian + Demuynck\u00a0Michael<br \/>Le Webmaster : Lambert Florian<br \/>R\u00e9alisation du site www.creaconcept-md.be: WordPress<br \/>Contactez le responsable de la publication &#8211; le webmaster <a href=\"mailto:postmaster@creaconcept-md.be\">postmaster@creaconcept-md.be<\/a><\/p><p><em><b><u><span style=\"font-size: 18.0pt;\">2. Traitement des informations<\/span><br \/><\/u><\/b><\/em>Lorsque vous cr\u00e9ez un compte sur le site www.creaconcept-md.be, il vous est demand\u00e9 de fournir plusieurs donn\u00e9es \u00e0 caract\u00e8re personnel telles que votre nom, votre adresse e-mail et<br \/>votre adresse postale.<br \/>Nous recueillons des donn\u00e9es personnelles d&rsquo;un utilisateur dans le strict respect de la loi<br \/>du 8 d\u00e9cembre 1992 relative \u00e0 la protection de la vie priv\u00e9e modifi\u00e9e par la loi du 11<br \/>d\u00e9cembre 1998 transposant la directive 95\/46\/CE du 24 octobre 1995.<br \/>A partir du 25 mai 2018, la Directive 95\/46\/CE est abrog\u00e9e par le R\u00e8glement Europ\u00e9en<br \/>2016\/679 du Parlement Europ\u00e9en et du Conseil du 27 avril 2016 relatif \u00e0 la protection<br \/>des personnes physiques \u00e0 l&rsquo;\u00e9gard du traitement des donn\u00e9es \u00e0 caract\u00e8re personnel et \u00e0<br \/>la libre circulation de ces donn\u00e9es (R\u00e8glement G\u00e9n\u00e9ral sur la Protection des Donn\u00e9es).<br \/>Les donn\u00e9es personnelles de l&rsquo;utilisateur peuvent \u00eatre destin\u00e9es \u00e0 des fins marketing et<br \/>\u00e0 un usage interne uniquement.<\/p><p>Vos donn\u00e9es personnelles ne seront en aucun cas communiqu\u00e9es \u00e0 un tiers. Celles-ci seront trait\u00e9es par Crea concept MD \u00a0dont vous trouverez les coordonn\u00e9es dans la rubrique \u00ab\u00a0Contact\u00a0\u00bb. Vous donnez votre autorisation expresse pour ce traitement. L&rsquo;objectif de ce traitement est de vous tenir inform\u00e9 de nos produits et services.<br \/>Vous avez un droit d&rsquo;acc\u00e8s \u00e0 vos donn\u00e9es et pouvez les modifier en cas d&rsquo;erreur. Vous<br \/>pouvez \u00e9galement vous opposer \u00e0 tout moment au traitement de vos donn\u00e9es<br \/>personnelles \u00e0 des fins de marketing direct.<\/p><p><em><b><u><span style=\"font-size: 16.0pt;\">3. Contenu du site et mises \u00e0 jour<\/span><\/u><\/b><\/em><br \/>Les informations et recommandations disponibles sur ce site internet vous sont<br \/>propos\u00e9es en toute bonne foi. Le propri\u00e9taire du site s&rsquo;efforce de fournir sur le site<br \/>www.creaconcept-md.be.be des informations aussi pr\u00e9cises que possible.<br \/>Toutefois, il ne pourra \u00eatre tenu responsable des omissions, des inexactitudes et des<br \/>carences dans la mise \u00e0 jour, qu&rsquo;elles soient de son fait ou du fait des tiers partenaires<br \/>qui lui fournissent ces informations. Toutes les informations susceptibles propos\u00e9es sur<br \/>le site www.creaconcept-md.be sont des donn\u00e9es \u00e0 titre indicatif, sont non exhaustives, et sont d&rsquo;\u00e9voluer. Elles sont donn\u00e9es sous r\u00e9serve de modifications ayant \u00e9t\u00e9 favoris\u00e9es depuis<br \/>leur mise en ligne.<\/p><p><em><b><u><span style=\"font-size: 18.0pt;\">4. Liens hypertextes et cookies<\/span><\/u><\/b><\/em><br \/>Ce site utilise Google Analytics pour l&rsquo;analyse des statistiques de navigation sur le site<br \/>www.creaconcept-md.be. La politique de confidentialit\u00e9 de Google est disponible sur<br \/>http:\/\/www.google.com\/policies\/privacy\/.<br \/>Le site www.creaconcept-md.be peut \u00eatre amen\u00e9 \u00e0 utiliser le syst\u00e8me des \u00ab cookies \u00bb. Le cookie ne nous permet pas de vous identifier et les donn\u00e9es obtenues de mani\u00e8re g\u00e9n\u00e9rale visent seulement \u00e0 faciliter la navigation ult\u00e9rieure sur ce pr\u00e9sent site.<\/p><p><em><b><u><span style=\"font-size: 18.0pt;\">5. Informations d&rsquo;ordre technique<\/span><\/u><\/b><\/em><br \/>Le pr\u00e9sent site est accessible 24 heures sur 24 et 7 jours sur 7, \u00e0 l&rsquo;exception des cas de<br \/>force majeure, des difficult\u00e9s informatiques, des difficult\u00e9s li\u00e9es \u00e0 la structure des<br \/>r\u00e9seaux de communication ou des difficult\u00e9s d&rsquo;ordre technique. Pour des raisons de<br \/>maintenance, le site pourra interrompre \u00e0 tout moment le site.<\/p><p><em><b><u><span style=\"font-size: 18.0pt;\">6. Droit applicable et attribution de juridiction<\/span><\/u><\/b><\/em><br \/>Tout litige en relation avec l&rsquo;utilisation du site www. creaconcept-md.be est soumis au droit<br \/>belge. L&rsquo;utilisateur ainsi que www.creaconcept-md.be accepte de se soumettre \u00e0 la comp\u00e9tence exclusive des tribunaux belges en cas de litige.<\/p><p><em><b><u><span style=\"font-size: 18.0pt;\">7. Modifications des mentions l\u00e9gales<\/span><\/u><\/b><\/em><br \/>Crea concept MD se r\u00e9servent le droit de modifier et de mettre \u00e0 jour \u00e0 tout<br \/>moment l&rsquo;acc\u00e8s au site et les mentions l\u00e9gales du site. Toute modification des mentions<br \/>l\u00e9gales du site est applicable d\u00e8s sa parution. Ces modifications et mises \u00e0 jour<br \/>engagent l&rsquo;utilisateur, qui doit en cons\u00e9quence se r\u00e9f\u00e9rer r\u00e9guli\u00e8rement \u00e0 cette rubrique<br \/>pour v\u00e9rifier les mentions l\u00e9gales applicables du site<\/p>\t\t\t\t\t\t<\/div>\n\t\t\t\t<\/div>\n\t\t\t\t\t<\/div>\n\t\t<\/div>\n\t\t\t\t\t\t\t<\/div>\n\t\t<\/section>\n\t\t\t\t\t\t\t<\/div>\n\t\t","protected":false},"excerpt":{"rendered":"<p>Mentions l\u00e9gales T\u00e9l\u00e9charger en PDF 1. Informations l\u00e9galesCrea concept MDRue Pierre Druidique 41 6687 BertogneN\u00b0 TVA intracommunautaire\u00a0: \u00a0BE0730903215+32 497 68 73 65Le Responsable de la publication : Lambert Florian + Demuynck\u00a0MichaelLe Webmaster : Lambert FlorianR\u00e9alisation du site www.creaconcept-md.be: WordPressContactez le responsable de la publication &#8211; le webmaster postmaster@creaconcept-md.be 2. Traitement des informationsLorsque vous cr\u00e9ez un&hellip;&nbsp;<a href=\"https:\/\/creaconcept-md.be\/?page_id=21\" rel=\"bookmark\">Lire la suite &raquo;<span class=\"screen-reader-text\">Mentions l\u00e9gales<\/span><\/a><\/p>\n","protected":false},"author":1,"featured_media":0,"parent":0,"menu_order":0,"comment_status":"closed","ping_status":"closed","template":"page-templates\/template-pagebuilder-full-width.php","meta":{"neve_meta_sidebar":"","neve_meta_container":"","neve_meta_enable_content_width":"","neve_meta_content_width":0,"neve_meta_title_alignment":"","neve_meta_author_avatar":"","neve_post_elements_order":"","neve_meta_disable_header":"","neve_meta_disable_footer":"","neve_meta_disable_title":"","footnotes":""},"class_list":["post-21","page","type-page","status-publish","hentry"],"yoast_head":"<!-- This site is optimized with the Yoast SEO plugin v26.9 - https:\/\/yoast.com\/product\/yoast-seo-wordpress\/ -->\n<title>Mentions l\u00e9gales - Creaconcept-md<\/title>\n<meta name=\"robots\" content=\"index, follow, max-snippet:-1, max-image-preview:large, max-video-preview:-1\" \/>\n<link rel=\"canonical\" href=\"https:\/\/creaconcept-md.be\/?page_id=21\" \/>\n<meta property=\"og:locale\" content=\"fr_FR\" \/>\n<meta property=\"og:type\" content=\"article\" \/>\n<meta property=\"og:title\" content=\"Mentions l\u00e9gales - Creaconcept-md\" \/>\n<meta property=\"og:description\" content=\"Mentions l\u00e9gales T\u00e9l\u00e9charger en PDF 1. Informations l\u00e9galesCrea concept MDRue Pierre Druidique 41 6687 BertogneN\u00b0 TVA intracommunautaire\u00a0: \u00a0BE0730903215+32 497 68 73 65Le Responsable de la publication : Lambert Florian + Demuynck\u00a0MichaelLe Webmaster : Lambert FlorianR\u00e9alisation du site www.creaconcept-md.be: WordPressContactez le responsable de la publication &#8211; le webmaster postmaster@creaconcept-md.be 2. Traitement des informationsLorsque vous cr\u00e9ez un&hellip;&nbsp;Lire la suite &raquo;Mentions l\u00e9gales\" \/>\n<meta property=\"og:url\" content=\"https:\/\/creaconcept-md.be\/?page_id=21\" \/>\n<meta property=\"og:site_name\" content=\"Creaconcept-md\" \/>\n<meta property=\"article:modified_time\" content=\"2022-10-27T15:37:33+00:00\" \/>\n<meta name=\"twitter:card\" content=\"summary_large_image\" \/>\n<meta name=\"twitter:label1\" content=\"Dur\u00e9e de lecture estim\u00e9e\" \/>\n\t<meta name=\"twitter:data1\" content=\"4 minutes\" \/>\n<script type=\"application\/ld+json\" class=\"yoast-schema-graph\">{\"@context\":\"https:\/\/schema.org\",\"@graph\":[{\"@type\":\"WebPage\",\"@id\":\"https:\/\/creaconcept-md.be\/?page_id=21\",\"url\":\"https:\/\/creaconcept-md.be\/?page_id=21\",\"name\":\"Mentions l\u00e9gales - Creaconcept-md\",\"isPartOf\":{\"@id\":\"https:\/\/creaconcept-md.be\/#website\"},\"datePublished\":\"2022-05-24T06:30:07+00:00\",\"dateModified\":\"2022-10-27T15:37:33+00:00\",\"breadcrumb\":{\"@id\":\"https:\/\/creaconcept-md.be\/?page_id=21#breadcrumb\"},\"inLanguage\":\"fr-FR\",\"potentialAction\":[{\"@type\":\"ReadAction\",\"target\":[\"https:\/\/creaconcept-md.be\/?page_id=21\"]}]},{\"@type\":\"BreadcrumbList\",\"@id\":\"https:\/\/creaconcept-md.be\/?page_id=21#breadcrumb\",\"itemListElement\":[{\"@type\":\"ListItem\",\"position\":1,\"name\":\"Accueil\",\"item\":\"https:\/\/creaconcept-md.be\/\"},{\"@type\":\"ListItem\",\"position\":2,\"name\":\"Mentions l\u00e9gales\"}]},{\"@type\":\"WebSite\",\"@id\":\"https:\/\/creaconcept-md.be\/#website\",\"url\":\"https:\/\/creaconcept-md.be\/\",\"name\":\"Creaconcept-md\",\"description\":\"Atelier de ferronneries et de traitement thermolaquage\",\"potentialAction\":[{\"@type\":\"SearchAction\",\"target\":{\"@type\":\"EntryPoint\",\"urlTemplate\":\"https:\/\/creaconcept-md.be\/?s={search_term_string}\"},\"query-input\":{\"@type\":\"PropertyValueSpecification\",\"valueRequired\":true,\"valueName\":\"search_term_string\"}}],\"inLanguage\":\"fr-FR\"}]}<\/script>\n<!-- \/ Yoast SEO plugin. -->","yoast_head_json":{"title":"Mentions l\u00e9gales - Creaconcept-md","robots":{"index":"index","follow":"follow","max-snippet":"max-snippet:-1","max-image-preview":"max-image-preview:large","max-video-preview":"max-video-preview:-1"},"canonical":"https:\/\/creaconcept-md.be\/?page_id=21","og_locale":"fr_FR","og_type":"article","og_title":"Mentions l\u00e9gales - Creaconcept-md","og_description":"Mentions l\u00e9gales T\u00e9l\u00e9charger en PDF 1. Informations l\u00e9galesCrea concept MDRue Pierre Druidique 41 6687 BertogneN\u00b0 TVA intracommunautaire\u00a0: \u00a0BE0730903215+32 497 68 73 65Le Responsable de la publication : Lambert Florian + Demuynck\u00a0MichaelLe Webmaster : Lambert FlorianR\u00e9alisation du site www.creaconcept-md.be: WordPressContactez le responsable de la publication &#8211; le webmaster postmaster@creaconcept-md.be 2. Traitement des informationsLorsque vous cr\u00e9ez un&hellip;&nbsp;Lire la suite &raquo;Mentions l\u00e9gales","og_url":"https:\/\/creaconcept-md.be\/?page_id=21","og_site_name":"Creaconcept-md","article_modified_time":"2022-10-27T15:37:33+00:00","twitter_card":"summary_large_image","twitter_misc":{"Dur\u00e9e de lecture estim\u00e9e":"4 minutes"},"schema":{"@context":"https:\/\/schema.org","@graph":[{"@type":"WebPage","@id":"https:\/\/creaconcept-md.be\/?page_id=21","url":"https:\/\/creaconcept-md.be\/?page_id=21","name":"Mentions l\u00e9gales - Creaconcept-md","isPartOf":{"@id":"https:\/\/creaconcept-md.be\/#website"},"datePublished":"2022-05-24T06:30:07+00:00","dateModified":"2022-10-27T15:37:33+00:00","breadcrumb":{"@id":"https:\/\/creaconcept-md.be\/?page_id=21#breadcrumb"},"inLanguage":"fr-FR","potentialAction":[{"@type":"ReadAction","target":["https:\/\/creaconcept-md.be\/?page_id=21"]}]},{"@type":"BreadcrumbList","@id":"https:\/\/creaconcept-md.be\/?page_id=21#breadcrumb","itemListElement":[{"@type":"ListItem","position":1,"name":"Accueil","item":"https:\/\/creaconcept-md.be\/"},{"@type":"ListItem","position":2,"name":"Mentions l\u00e9gales"}]},{"@type":"WebSite","@id":"https:\/\/creaconcept-md.be\/#website","url":"https:\/\/creaconcept-md.be\/","name":"Creaconcept-md","description":"Atelier de ferronneries et de traitement thermolaquage","potentialAction":[{"@type":"SearchAction","target":{"@type":"EntryPoint","urlTemplate":"https:\/\/creaconcept-md.be\/?s={search_term_string}"},"query-input":{"@type":"PropertyValueSpecification","valueRequired":true,"valueName":"search_term_string"}}],"inLanguage":"fr-FR"}]}},"_links":{"self":[{"href":"https:\/\/creaconcept-md.be\/index.php?rest_route=\/wp\/v2\/pages\/21","targetHints":{"allow":["GET"]}}],"collection":[{"href":"https:\/\/creaconcept-md.be\/index.php?rest_route=\/wp\/v2\/pages"}],"about":[{"href":"https:\/\/creaconcept-md.be\/index.php?rest_route=\/wp\/v2\/types\/page"}],"author":[{"embeddable":true,"href":"https:\/\/creaconcept-md.be\/index.php?rest_route=\/wp\/v2\/users\/1"}],"replies":[{"embeddable":true,"href":"https:\/\/creaconcept-md.be\/index.php?rest_route=%2Fwp%2Fv2%2Fcomments&post=21"}],"version-history":[{"count":16,"href":"https:\/\/creaconcept-md.be\/index.php?rest_route=\/wp\/v2\/pages\/21\/revisions"}],"predecessor-version":[{"id":990,"href":"https:\/\/creaconcept-md.be\/index.php?rest_route=\/wp\/v2\/pages\/21\/revisions\/990"}],"wp:attachment":[{"href":"https:\/\/creaconcept-md.be\/index.php?rest_route=%2Fwp%2Fv2%2Fmedia&parent=21"}],"curies":[{"name":"wp","href":"https:\/\/api.w.org\/{rel}","templated":true}]}}