{"id":13,"date":"2022-05-24T08:21:52","date_gmt":"2022-05-24T06:21:52","guid":{"rendered":"https:\/\/creaconcept-md.be\/?page_id=13"},"modified":"2022-10-15T14:47:32","modified_gmt":"2022-10-15T12:47:32","slug":"galerie","status":"publish","type":"page","link":"https:\/\/creaconcept-md.be\/?page_id=13","title":{"rendered":"Galerie"},"content":{"rendered":"\t\t<div data-elementor-type=\"wp-page\" data-elementor-id=\"13\" class=\"elementor elementor-13\">\n\t\t\t\t\t\t\t\t\t<section class=\"elementor-section elementor-top-section elementor-element elementor-element-41d03831 elementor-section-content-middle elementor-section-boxed elementor-section-height-default elementor-section-height-default\" data-id=\"41d03831\" data-element_type=\"section\">\n\t\t\t\t\t\t<div class=\"elementor-container elementor-column-gap-no\">\n\t\t\t\t\t<div class=\"elementor-column elementor-col-100 elementor-top-column elementor-element elementor-element-7157315e\" data-id=\"7157315e\" data-element_type=\"column\">\n\t\t\t<div class=\"elementor-widget-wrap elementor-element-populated\">\n\t\t\t\t\t\t\t\t<div class=\"elementor-element elementor-element-1860f5ed elementor-widget elementor-widget-heading\" data-id=\"1860f5ed\" data-element_type=\"widget\" data-widget_type=\"heading.default\">\n\t\t\t\t<div class=\"elementor-widget-container\">\n\t\t\t<style>\/*! elementor - v3.7.8 - 02-10-2022 *\/\n.elementor-heading-title{padding:0;margin:0;line-height:1}.elementor-widget-heading .elementor-heading-title[class*=elementor-size-]>a{color:inherit;font-size:inherit;line-height:inherit}.elementor-widget-heading .elementor-heading-title.elementor-size-small{font-size:15px}.elementor-widget-heading .elementor-heading-title.elementor-size-medium{font-size:19px}.elementor-widget-heading .elementor-heading-title.elementor-size-large{font-size:29px}.elementor-widget-heading .elementor-heading-title.elementor-size-xl{font-size:39px}.elementor-widget-heading .elementor-heading-title.elementor-size-xxl{font-size:59px}<\/style><h4 class=\"elementor-heading-title elementor-size-default\">Tous ces projets sign\u00e9s Crea concept<\/h4>\t\t<\/div>\n\t\t\t\t<\/div>\n\t\t\t\t<div class=\"elementor-element elementor-element-6cd09643 elementor-widget elementor-widget-heading\" data-id=\"6cd09643\" data-element_type=\"widget\" data-widget_type=\"heading.default\">\n\t\t\t\t<div class=\"elementor-widget-container\">\n\t\t\t<h5 class=\"elementor-heading-title elementor-size-default\">Jetez un coup d'\u0153il !  Un peu d'inspiration ne fait pas de mal.<\/h5>\t\t<\/div>\n\t\t\t\t<\/div>\n\t\t\t\t\t<\/div>\n\t\t<\/div>\n\t\t\t\t\t\t\t<\/div>\n\t\t<\/section>\n\t\t\t\t<section class=\"elementor-section elementor-top-section elementor-element elementor-element-c41187c elementor-section-boxed elementor-section-height-default elementor-section-height-default\" data-id=\"c41187c\" data-element_type=\"section\">\n\t\t\t\t\t\t<div class=\"elementor-container elementor-column-gap-default\">\n\t\t\t\t\t<div class=\"elementor-column elementor-col-33 elementor-top-column elementor-element elementor-element-ce5a6a4\" data-id=\"ce5a6a4\" data-element_type=\"column\">\n\t\t\t<div class=\"elementor-widget-wrap elementor-element-populated\">\n\t\t\t\t\t\t\t\t<div class=\"elementor-element elementor-element-4817591 elementor-widget elementor-widget-image\" data-id=\"4817591\" data-element_type=\"widget\" data-widget_type=\"image.default\">\n\t\t\t\t<div class=\"elementor-widget-container\">\n\t\t\t<style>\/*! elementor - v3.7.8 - 02-10-2022 *\/\n.elementor-widget-image{text-align:center}.elementor-widget-image a{display:inline-block}.elementor-widget-image a img[src$=\".svg\"]{width:48px}.elementor-widget-image img{vertical-align:middle;display:inline-block}<\/style>\t\t\t\t\t\t\t\t\t<figure class=\"wp-caption\">\n\t\t\t\t\t\t\t\t\t\t\t<a href=\"http:\/\/10.0.150.11\/?page_id=65\">\n\t\t\t\t\t\t\t<img loading=\"lazy\" decoding=\"async\" width=\"930\" height=\"620\" src=\"https:\/\/creaconcept-md.be\/wp-content\/uploads\/Photos kaw\/288708426_3246322348979957_8487797582780605828_n-930x620.jpg\" class=\"elementor-animation-shrink attachment-neve-blog size-neve-blog\" alt=\"\" \/>\t\t\t\t\t\t\t\t<\/a>\n\t\t\t\t\t\t\t\t\t\t\t<figcaption class=\"widget-image-caption wp-caption-text\">Escaliers<\/figcaption>\n\t\t\t\t\t\t\t\t\t\t<\/figure>\n\t\t\t\t\t\t\t\t\t<\/div>\n\t\t\t\t<\/div>\n\t\t\t\t\t<\/div>\n\t\t<\/div>\n\t\t\t\t<div class=\"elementor-column elementor-col-33 elementor-top-column elementor-element elementor-element-dc43c5a\" data-id=\"dc43c5a\" data-element_type=\"column\">\n\t\t\t<div class=\"elementor-widget-wrap elementor-element-populated\">\n\t\t\t\t\t\t\t\t<div class=\"elementor-element elementor-element-5b94294 elementor-widget elementor-widget-image\" data-id=\"5b94294\" data-element_type=\"widget\" data-widget_type=\"image.default\">\n\t\t\t\t<div class=\"elementor-widget-container\">\n\t\t\t\t\t\t\t\t\t\t\t\t<figure class=\"wp-caption\">\n\t\t\t\t\t\t\t\t\t\t\t<a href=\"http:\/\/10.0.150.11\/?page_id=67\">\n\t\t\t\t\t\t\t<img loading=\"lazy\" decoding=\"async\" width=\"930\" height=\"620\" src=\"https:\/\/creaconcept-md.be\/wp-content\/uploads\/Photos kaw\/288655070_565257441849086_2591181495346007495_n-930x620.jpg\" class=\"elementor-animation-shrink attachment-neve-blog size-neve-blog\" alt=\"\" \/>\t\t\t\t\t\t\t\t<\/a>\n\t\t\t\t\t\t\t\t\t\t\t<figcaption class=\"widget-image-caption wp-caption-text\">Garde corps<\/figcaption>\n\t\t\t\t\t\t\t\t\t\t<\/figure>\n\t\t\t\t\t\t\t\t\t<\/div>\n\t\t\t\t<\/div>\n\t\t\t\t\t<\/div>\n\t\t<\/div>\n\t\t\t\t<div class=\"elementor-column elementor-col-33 elementor-top-column elementor-element elementor-element-8959bd3\" data-id=\"8959bd3\" data-element_type=\"column\">\n\t\t\t<div class=\"elementor-widget-wrap elementor-element-populated\">\n\t\t\t\t\t\t\t\t<div class=\"elementor-element elementor-element-456e5dc elementor-widget elementor-widget-image\" data-id=\"456e5dc\" data-element_type=\"widget\" data-widget_type=\"image.default\">\n\t\t\t\t<div class=\"elementor-widget-container\">\n\t\t\t\t\t\t\t\t\t\t\t\t<figure class=\"wp-caption\">\n\t\t\t\t\t\t\t\t\t\t\t<a href=\"http:\/\/10.0.150.11\/?page_id=873\">\n\t\t\t\t\t\t\t<img loading=\"lazy\" decoding=\"async\" width=\"930\" height=\"620\" src=\"https:\/\/creaconcept-md.be\/wp-content\/uploads\/Photos kaw\/289099426_7523638491043796_3667722107031931358_n-e1665849192564-930x620.jpg\" class=\"elementor-animation-shrink attachment-neve-blog size-neve-blog\" alt=\"\" \/>\t\t\t\t\t\t\t\t<\/a>\n\t\t\t\t\t\t\t\t\t\t\t<figcaption class=\"widget-image-caption wp-caption-text\">Passerelles m\u00e9talliques vitr\u00e9es<\/figcaption>\n\t\t\t\t\t\t\t\t\t\t<\/figure>\n\t\t\t\t\t\t\t\t\t<\/div>\n\t\t\t\t<\/div>\n\t\t\t\t\t<\/div>\n\t\t<\/div>\n\t\t\t\t\t\t\t<\/div>\n\t\t<\/section>\n\t\t\t\t<section class=\"elementor-section elementor-top-section elementor-element elementor-element-8186a75 elementor-section-boxed elementor-section-height-default elementor-section-height-default\" data-id=\"8186a75\" data-element_type=\"section\">\n\t\t\t\t\t\t<div class=\"elementor-container elementor-column-gap-default\">\n\t\t\t\t\t<div class=\"elementor-column elementor-col-33 elementor-top-column elementor-element elementor-element-c4c25c0\" data-id=\"c4c25c0\" data-element_type=\"column\">\n\t\t\t<div class=\"elementor-widget-wrap elementor-element-populated\">\n\t\t\t\t\t\t\t\t<div class=\"elementor-element elementor-element-4e88933 elementor-widget elementor-widget-image\" data-id=\"4e88933\" data-element_type=\"widget\" data-widget_type=\"image.default\">\n\t\t\t\t<div class=\"elementor-widget-container\">\n\t\t\t\t\t\t\t\t\t\t\t\t<figure class=\"wp-caption\">\n\t\t\t\t\t\t\t\t\t\t\t<a href=\"http:\/\/10.0.150.11\/?page_id=63\">\n\t\t\t\t\t\t\t<img loading=\"lazy\" decoding=\"async\" width=\"930\" height=\"620\" src=\"https:\/\/creaconcept-md.be\/wp-content\/uploads\/2022\/10\/311288766_832481764574822_4967384704389723035_n-930x620.jpg\" class=\"elementor-animation-shrink attachment-neve-blog size-neve-blog\" alt=\"\" \/>\t\t\t\t\t\t\t\t<\/a>\n\t\t\t\t\t\t\t\t\t\t\t<figcaption class=\"widget-image-caption wp-caption-text\">Portes vitr\u00e9es et verri\u00e8res int\u00e9rieures<\/figcaption>\n\t\t\t\t\t\t\t\t\t\t<\/figure>\n\t\t\t\t\t\t\t\t\t<\/div>\n\t\t\t\t<\/div>\n\t\t\t\t\t<\/div>\n\t\t<\/div>\n\t\t\t\t<div class=\"elementor-column elementor-col-33 elementor-top-column elementor-element elementor-element-76e6246\" data-id=\"76e6246\" data-element_type=\"column\">\n\t\t\t<div class=\"elementor-widget-wrap elementor-element-populated\">\n\t\t\t\t\t\t\t\t<div class=\"elementor-element elementor-element-77d39aa elementor-widget elementor-widget-image\" data-id=\"77d39aa\" data-element_type=\"widget\" data-widget_type=\"image.default\">\n\t\t\t\t<div class=\"elementor-widget-container\">\n\t\t\t\t\t\t\t\t\t\t\t\t<figure class=\"wp-caption\">\n\t\t\t\t\t\t\t\t\t\t\t<a href=\"http:\/\/10.0.150.11\/?page_id=876\">\n\t\t\t\t\t\t\t<img loading=\"lazy\" decoding=\"async\" width=\"930\" height=\"620\" src=\"https:\/\/creaconcept-md.be\/wp-content\/uploads\/Photos kaw\/289512894_585385326290571_1298338422923319488_n-930x620.jpg\" class=\"elementor-animation-shrink attachment-neve-blog size-neve-blog\" alt=\"\" \/>\t\t\t\t\t\t\t\t<\/a>\n\t\t\t\t\t\t\t\t\t\t\t<figcaption class=\"widget-image-caption wp-caption-text\">Terrasses<\/figcaption>\n\t\t\t\t\t\t\t\t\t\t<\/figure>\n\t\t\t\t\t\t\t\t\t<\/div>\n\t\t\t\t<\/div>\n\t\t\t\t\t<\/div>\n\t\t<\/div>\n\t\t\t\t<div class=\"elementor-column elementor-col-33 elementor-top-column elementor-element elementor-element-e5ec46a\" data-id=\"e5ec46a\" data-element_type=\"column\">\n\t\t\t<div class=\"elementor-widget-wrap elementor-element-populated\">\n\t\t\t\t\t\t\t\t<div class=\"elementor-element elementor-element-65b1ba4 elementor-widget elementor-widget-image\" data-id=\"65b1ba4\" data-element_type=\"widget\" data-widget_type=\"image.default\">\n\t\t\t\t<div class=\"elementor-widget-container\">\n\t\t\t\t\t\t\t\t\t\t\t\t<figure class=\"wp-caption\">\n\t\t\t\t\t\t\t\t\t\t\t<a href=\"http:\/\/10.0.150.11\/?page_id=59\">\n\t\t\t\t\t\t\t<img loading=\"lazy\" decoding=\"async\" width=\"930\" height=\"620\" src=\"https:\/\/creaconcept-md.be\/wp-content\/uploads\/Photos kaw\/289422740_1749870398686791_962116175493966490_n-930x620.jpg\" class=\"elementor-animation-shrink attachment-neve-blog size-neve-blog\" alt=\"\" \/>\t\t\t\t\t\t\t\t<\/a>\n\t\t\t\t\t\t\t\t\t\t\t<figcaption class=\"widget-image-caption wp-caption-text\">Portails et portillons<\/figcaption>\n\t\t\t\t\t\t\t\t\t\t<\/figure>\n\t\t\t\t\t\t\t\t\t<\/div>\n\t\t\t\t<\/div>\n\t\t\t\t\t<\/div>\n\t\t<\/div>\n\t\t\t\t\t\t\t<\/div>\n\t\t<\/section>\n\t\t\t\t<section class=\"elementor-section elementor-top-section elementor-element elementor-element-8bcedf7 elementor-section-boxed elementor-section-height-default elementor-section-height-default\" data-id=\"8bcedf7\" data-element_type=\"section\">\n\t\t\t\t\t\t<div class=\"elementor-container elementor-column-gap-default\">\n\t\t\t\t\t<div class=\"elementor-column elementor-col-33 elementor-top-column elementor-element elementor-element-879e38d\" data-id=\"879e38d\" data-element_type=\"column\">\n\t\t\t<div class=\"elementor-widget-wrap elementor-element-populated\">\n\t\t\t\t\t\t\t\t<div class=\"elementor-element elementor-element-9c0e1dd elementor-widget elementor-widget-image\" data-id=\"9c0e1dd\" data-element_type=\"widget\" data-widget_type=\"image.default\">\n\t\t\t\t<div class=\"elementor-widget-container\">\n\t\t\t\t\t\t\t\t\t\t\t\t<figure class=\"wp-caption\">\n\t\t\t\t\t\t\t\t\t\t\t<a href=\"http:\/\/10.0.150.11\/?page_id=878\">\n\t\t\t\t\t\t\t<img loading=\"lazy\" decoding=\"async\" width=\"930\" height=\"620\" src=\"https:\/\/creaconcept-md.be\/wp-content\/uploads\/2022\/10\/311451385_518835762950015_7965924415139544990_n-930x620.jpg\" class=\"elementor-animation-shrink attachment-neve-blog size-neve-blog\" alt=\"\" \/>\t\t\t\t\t\t\t\t<\/a>\n\t\t\t\t\t\t\t\t\t\t\t<figcaption class=\"widget-image-caption wp-caption-text\">Mobilier et d\u00e9corations ext\u00e9rieures<\/figcaption>\n\t\t\t\t\t\t\t\t\t\t<\/figure>\n\t\t\t\t\t\t\t\t\t<\/div>\n\t\t\t\t<\/div>\n\t\t\t\t\t<\/div>\n\t\t<\/div>\n\t\t\t\t<div class=\"elementor-column elementor-col-33 elementor-top-column elementor-element elementor-element-9282a53\" data-id=\"9282a53\" data-element_type=\"column\">\n\t\t\t<div class=\"elementor-widget-wrap elementor-element-populated\">\n\t\t\t\t\t\t\t\t<div class=\"elementor-element elementor-element-6354c71 elementor-widget elementor-widget-image\" data-id=\"6354c71\" data-element_type=\"widget\" data-widget_type=\"image.default\">\n\t\t\t\t<div class=\"elementor-widget-container\">\n\t\t\t\t\t\t\t\t\t\t\t\t<figure class=\"wp-caption\">\n\t\t\t\t\t\t\t\t\t\t\t<a href=\"http:\/\/10.0.150.11\/?page_id=881\">\n\t\t\t\t\t\t\t<img loading=\"lazy\" decoding=\"async\" width=\"930\" height=\"620\" src=\"https:\/\/creaconcept-md.be\/wp-content\/uploads\/2022\/10\/311468025_941364053504919_867750223056534747_n-930x620.jpg\" class=\"elementor-animation-shrink attachment-neve-blog size-neve-blog\" alt=\"\" \/>\t\t\t\t\t\t\t\t<\/a>\n\t\t\t\t\t\t\t\t\t\t\t<figcaption class=\"widget-image-caption wp-caption-text\">Mobilier int\u00e9rieur<\/figcaption>\n\t\t\t\t\t\t\t\t\t\t<\/figure>\n\t\t\t\t\t\t\t\t\t<\/div>\n\t\t\t\t<\/div>\n\t\t\t\t\t<\/div>\n\t\t<\/div>\n\t\t\t\t<div class=\"elementor-column elementor-col-33 elementor-top-column elementor-element elementor-element-52a1968\" data-id=\"52a1968\" data-element_type=\"column\">\n\t\t\t<div class=\"elementor-widget-wrap elementor-element-populated\">\n\t\t\t\t\t\t\t\t<div class=\"elementor-element elementor-element-48331a3 elementor-widget elementor-widget-image\" data-id=\"48331a3\" data-element_type=\"widget\" data-widget_type=\"image.default\">\n\t\t\t\t<div class=\"elementor-widget-container\">\n\t\t\t\t\t\t\t\t\t\t\t\t<figure class=\"wp-caption\">\n\t\t\t\t\t\t\t\t\t\t\t<a href=\"http:\/\/10.0.150.11\/?page_id=69\">\n\t\t\t\t\t\t\t<img loading=\"lazy\" decoding=\"async\" width=\"930\" height=\"620\" src=\"https:\/\/creaconcept-md.be\/wp-content\/uploads\/Photos kaw\/288521571_995462827825315_5769893819247674705_n-930x620.jpg\" class=\"elementor-animation-shrink attachment-neve-blog size-neve-blog\" alt=\"\" \/>\t\t\t\t\t\t\t\t<\/a>\n\t\t\t\t\t\t\t\t\t\t\t<figcaption class=\"widget-image-caption wp-caption-text\">Tous les projets<\/figcaption>\n\t\t\t\t\t\t\t\t\t\t<\/figure>\n\t\t\t\t\t\t\t\t\t<\/div>\n\t\t\t\t<\/div>\n\t\t\t\t\t<\/div>\n\t\t<\/div>\n\t\t\t\t\t\t\t<\/div>\n\t\t<\/section>\n\t\t\t\t\t\t\t<\/div>\n\t\t","protected":false},"excerpt":{"rendered":"<p>Tous ces projets sign\u00e9s Crea concept Jetez un coup d&rsquo;\u0153il ! Un peu d&rsquo;inspiration ne fait pas de mal. Escaliers Garde corps Passerelles m\u00e9talliques vitr\u00e9es Portes vitr\u00e9es et verri\u00e8res int\u00e9rieures Terrasses Portails et portillons Mobilier et d\u00e9corations ext\u00e9rieures Mobilier int\u00e9rieur Tous les projets<\/p>\n","protected":false},"author":1,"featured_media":0,"parent":0,"menu_order":0,"comment_status":"closed","ping_status":"closed","template":"page-templates\/template-pagebuilder-full-width.php","meta":{"neve_meta_sidebar":"","neve_meta_container":"","neve_meta_enable_content_width":"","neve_meta_content_width":0,"neve_meta_title_alignment":"","neve_meta_author_avatar":"","neve_post_elements_order":"","neve_meta_disable_header":"","neve_meta_disable_footer":"","neve_meta_disable_title":"","footnotes":""},"class_list":["post-13","page","type-page","status-publish","hentry"],"yoast_head":"<!-- This site is optimized with the Yoast SEO plugin v26.9 - https:\/\/yoast.com\/product\/yoast-seo-wordpress\/ -->\n<title>Galerie - Creaconcept-md<\/title>\n<meta name=\"robots\" content=\"index, follow, max-snippet:-1, max-image-preview:large, max-video-preview:-1\" \/>\n<link rel=\"canonical\" href=\"https:\/\/creaconcept-md.be\/?page_id=13\" \/>\n<meta property=\"og:locale\" content=\"fr_FR\" \/>\n<meta property=\"og:type\" content=\"article\" \/>\n<meta property=\"og:title\" content=\"Galerie - Creaconcept-md\" \/>\n<meta property=\"og:description\" content=\"Tous ces projets sign\u00e9s Crea concept Jetez un coup d&rsquo;\u0153il ! Un peu d&rsquo;inspiration ne fait pas de mal. Escaliers Garde corps Passerelles m\u00e9talliques vitr\u00e9es Portes vitr\u00e9es et verri\u00e8res int\u00e9rieures Terrasses Portails et portillons Mobilier et d\u00e9corations ext\u00e9rieures Mobilier int\u00e9rieur Tous les projets\" \/>\n<meta property=\"og:url\" content=\"https:\/\/creaconcept-md.be\/?page_id=13\" \/>\n<meta property=\"og:site_name\" content=\"Creaconcept-md\" \/>\n<meta property=\"article:modified_time\" content=\"2022-10-15T12:47:32+00:00\" \/>\n<meta property=\"og:image\" content=\"http:\/\/10.0.150.11\/wp-content\/uploads\/2022\/10\/311288766_832481764574822_4967384704389723035_n-930x620.jpg\" \/>\n<meta name=\"twitter:card\" content=\"summary_large_image\" \/>\n<meta name=\"twitter:label1\" content=\"Dur\u00e9e de lecture estim\u00e9e\" \/>\n\t<meta name=\"twitter:data1\" content=\"3 minutes\" \/>\n<script type=\"application\/ld+json\" class=\"yoast-schema-graph\">{\"@context\":\"https:\/\/schema.org\",\"@graph\":[{\"@type\":\"WebPage\",\"@id\":\"https:\/\/creaconcept-md.be\/?page_id=13\",\"url\":\"https:\/\/creaconcept-md.be\/?page_id=13\",\"name\":\"Galerie - Creaconcept-md\",\"isPartOf\":{\"@id\":\"https:\/\/creaconcept-md.be\/#website\"},\"primaryImageOfPage\":{\"@id\":\"https:\/\/creaconcept-md.be\/?page_id=13#primaryimage\"},\"image\":{\"@id\":\"https:\/\/creaconcept-md.be\/?page_id=13#primaryimage\"},\"thumbnailUrl\":\"http:\/\/10.0.150.11\/wp-content\/uploads\/2022\/10\/311288766_832481764574822_4967384704389723035_n-930x620.jpg\",\"datePublished\":\"2022-05-24T06:21:52+00:00\",\"dateModified\":\"2022-10-15T12:47:32+00:00\",\"breadcrumb\":{\"@id\":\"https:\/\/creaconcept-md.be\/?page_id=13#breadcrumb\"},\"inLanguage\":\"fr-FR\",\"potentialAction\":[{\"@type\":\"ReadAction\",\"target\":[\"https:\/\/creaconcept-md.be\/?page_id=13\"]}]},{\"@type\":\"ImageObject\",\"inLanguage\":\"fr-FR\",\"@id\":\"https:\/\/creaconcept-md.be\/?page_id=13#primaryimage\",\"url\":\"http:\/\/10.0.150.11\/wp-content\/uploads\/2022\/10\/311288766_832481764574822_4967384704389723035_n-930x620.jpg\",\"contentUrl\":\"http:\/\/10.0.150.11\/wp-content\/uploads\/2022\/10\/311288766_832481764574822_4967384704389723035_n-930x620.jpg\"},{\"@type\":\"BreadcrumbList\",\"@id\":\"https:\/\/creaconcept-md.be\/?page_id=13#breadcrumb\",\"itemListElement\":[{\"@type\":\"ListItem\",\"position\":1,\"name\":\"Accueil\",\"item\":\"https:\/\/creaconcept-md.be\/\"},{\"@type\":\"ListItem\",\"position\":2,\"name\":\"Galerie\"}]},{\"@type\":\"WebSite\",\"@id\":\"https:\/\/creaconcept-md.be\/#website\",\"url\":\"https:\/\/creaconcept-md.be\/\",\"name\":\"Creaconcept-md\",\"description\":\"Atelier de ferronneries et de traitement thermolaquage\",\"potentialAction\":[{\"@type\":\"SearchAction\",\"target\":{\"@type\":\"EntryPoint\",\"urlTemplate\":\"https:\/\/creaconcept-md.be\/?s={search_term_string}\"},\"query-input\":{\"@type\":\"PropertyValueSpecification\",\"valueRequired\":true,\"valueName\":\"search_term_string\"}}],\"inLanguage\":\"fr-FR\"}]}<\/script>\n<!-- \/ Yoast SEO plugin. -->","yoast_head_json":{"title":"Galerie - Creaconcept-md","robots":{"index":"index","follow":"follow","max-snippet":"max-snippet:-1","max-image-preview":"max-image-preview:large","max-video-preview":"max-video-preview:-1"},"canonical":"https:\/\/creaconcept-md.be\/?page_id=13","og_locale":"fr_FR","og_type":"article","og_title":"Galerie - Creaconcept-md","og_description":"Tous ces projets sign\u00e9s Crea concept Jetez un coup d&rsquo;\u0153il ! Un peu d&rsquo;inspiration ne fait pas de mal. Escaliers Garde corps Passerelles m\u00e9talliques vitr\u00e9es Portes vitr\u00e9es et verri\u00e8res int\u00e9rieures Terrasses Portails et portillons Mobilier et d\u00e9corations ext\u00e9rieures Mobilier int\u00e9rieur Tous les projets","og_url":"https:\/\/creaconcept-md.be\/?page_id=13","og_site_name":"Creaconcept-md","article_modified_time":"2022-10-15T12:47:32+00:00","og_image":[{"url":"http:\/\/10.0.150.11\/wp-content\/uploads\/2022\/10\/311288766_832481764574822_4967384704389723035_n-930x620.jpg","type":"","width":"","height":""}],"twitter_card":"summary_large_image","twitter_misc":{"Dur\u00e9e de lecture estim\u00e9e":"3 minutes"},"schema":{"@context":"https:\/\/schema.org","@graph":[{"@type":"WebPage","@id":"https:\/\/creaconcept-md.be\/?page_id=13","url":"https:\/\/creaconcept-md.be\/?page_id=13","name":"Galerie - Creaconcept-md","isPartOf":{"@id":"https:\/\/creaconcept-md.be\/#website"},"primaryImageOfPage":{"@id":"https:\/\/creaconcept-md.be\/?page_id=13#primaryimage"},"image":{"@id":"https:\/\/creaconcept-md.be\/?page_id=13#primaryimage"},"thumbnailUrl":"http:\/\/10.0.150.11\/wp-content\/uploads\/2022\/10\/311288766_832481764574822_4967384704389723035_n-930x620.jpg","datePublished":"2022-05-24T06:21:52+00:00","dateModified":"2022-10-15T12:47:32+00:00","breadcrumb":{"@id":"https:\/\/creaconcept-md.be\/?page_id=13#breadcrumb"},"inLanguage":"fr-FR","potentialAction":[{"@type":"ReadAction","target":["https:\/\/creaconcept-md.be\/?page_id=13"]}]},{"@type":"ImageObject","inLanguage":"fr-FR","@id":"https:\/\/creaconcept-md.be\/?page_id=13#primaryimage","url":"http:\/\/10.0.150.11\/wp-content\/uploads\/2022\/10\/311288766_832481764574822_4967384704389723035_n-930x620.jpg","contentUrl":"http:\/\/10.0.150.11\/wp-content\/uploads\/2022\/10\/311288766_832481764574822_4967384704389723035_n-930x620.jpg"},{"@type":"BreadcrumbList","@id":"https:\/\/creaconcept-md.be\/?page_id=13#breadcrumb","itemListElement":[{"@type":"ListItem","position":1,"name":"Accueil","item":"https:\/\/creaconcept-md.be\/"},{"@type":"ListItem","position":2,"name":"Galerie"}]},{"@type":"WebSite","@id":"https:\/\/creaconcept-md.be\/#website","url":"https:\/\/creaconcept-md.be\/","name":"Creaconcept-md","description":"Atelier de ferronneries et de traitement thermolaquage","potentialAction":[{"@type":"SearchAction","target":{"@type":"EntryPoint","urlTemplate":"https:\/\/creaconcept-md.be\/?s={search_term_string}"},"query-input":{"@type":"PropertyValueSpecification","valueRequired":true,"valueName":"search_term_string"}}],"inLanguage":"fr-FR"}]}},"_links":{"self":[{"href":"https:\/\/creaconcept-md.be\/index.php?rest_route=\/wp\/v2\/pages\/13","targetHints":{"allow":["GET"]}}],"collection":[{"href":"https:\/\/creaconcept-md.be\/index.php?rest_route=\/wp\/v2\/pages"}],"about":[{"href":"https:\/\/creaconcept-md.be\/index.php?rest_route=\/wp\/v2\/types\/page"}],"author":[{"embeddable":true,"href":"https:\/\/creaconcept-md.be\/index.php?rest_route=\/wp\/v2\/users\/1"}],"replies":[{"embeddable":true,"href":"https:\/\/creaconcept-md.be\/index.php?rest_route=%2Fwp%2Fv2%2Fcomments&post=13"}],"version-history":[{"count":25,"href":"https:\/\/creaconcept-md.be\/index.php?rest_route=\/wp\/v2\/pages\/13\/revisions"}],"predecessor-version":[{"id":909,"href":"https:\/\/creaconcept-md.be\/index.php?rest_route=\/wp\/v2\/pages\/13\/revisions\/909"}],"wp:attachment":[{"href":"https:\/\/creaconcept-md.be\/index.php?rest_route=%2Fwp%2Fv2%2Fmedia&parent=13"}],"curies":[{"name":"wp","href":"https:\/\/api.w.org\/{rel}","templated":true}]}}